{"id":100,"date":"2017-04-22T20:18:41","date_gmt":"2017-04-22T20:18:41","guid":{"rendered":"http:\/\/wandelsterne.at\/?page_id=100"},"modified":"2017-04-26T14:42:39","modified_gmt":"2017-04-26T14:42:39","slug":"ethik-richtlinien","status":"publish","type":"page","link":"https:\/\/wandelsterne.at\/?page_id=100","title":{"rendered":"Ethik-Richtlinien"},"content":{"rendered":"<p>&nbsp;<\/p>\n<figure id=\"attachment_152\" aria-describedby=\"caption-attachment-152\" style=\"width: 640px\" class=\"wp-caption aligncenter\"><img decoding=\"async\" loading=\"lazy\" class=\"wp-image-152 size-large\" src=\"http:\/\/wandelsterne.at\/wp-content\/uploads\/2017\/04\/Ausschnitt-fourverse-1024x768.jpg\" alt=\"\" width=\"640\" height=\"480\" srcset=\"https:\/\/wandelsterne.at\/wp-content\/uploads\/2017\/04\/Ausschnitt-fourverse-1024x768.jpg 1024w, https:\/\/wandelsterne.at\/wp-content\/uploads\/2017\/04\/Ausschnitt-fourverse-300x225.jpg 300w, https:\/\/wandelsterne.at\/wp-content\/uploads\/2017\/04\/Ausschnitt-fourverse-768x576.jpg 768w, https:\/\/wandelsterne.at\/wp-content\/uploads\/2017\/04\/Ausschnitt-fourverse-640x480.jpg 640w, https:\/\/wandelsterne.at\/wp-content\/uploads\/2017\/04\/Ausschnitt-fourverse-1010x758.jpg 1010w, https:\/\/wandelsterne.at\/wp-content\/uploads\/2017\/04\/Ausschnitt-fourverse.jpg 1500w\" sizes=\"(max-width: 640px) 100vw, 640px\" \/><figcaption id=\"caption-attachment-152\" class=\"wp-caption-text\">Ausschnitt fourverse<\/figcaption><\/figure>\n<h4 style=\"text-align: center;\">Ethikrichtlinien der Wirtschaftskammer \u00d6sterreich<br \/>\nAstrologie<\/h4>\n<p style=\"text-align: center;\">(Stand 17. November 2015)<\/p>\n<p>F\u00fcr das Ansehen des Berufsstandes innerhalb der Gesellschaft ist die Einhaltung ethischer Grunds\u00e4tze gegen\u00fcber KlientInnen und KollegInnen von gr\u00f6\u00dfter Bedeutung.<\/p>\n<p>I. Die\/Der verantwortungsbewusste AstrologIn wird daher bei der Interpretation von Horoskopen nach bestem Wissen und Gewissen<\/p>\n<p>1. das Wohl der KlientInnen immer in das Zentrum des Interesses stellen,<br \/>\n2. den KlientInnen mit Empathie und Respekt begegnen, ihre Willensfreiheit anerkennen, Entfaltungs- und Handlungsm\u00f6glichkeiten gem\u00e4\u00df dem astrologischen Modell der Zeitqualit\u00e4t aufzeigen und sie ermutigen, ihre Entscheidungen eigenverantwortlich zu treffen,<br \/>\n3. moralisch wertende Urteile ebenso selbstverst\u00e4ndlich unterlassen wie die Behauptung, eine astrologische Konstellation sei &#8222;von Natur gut oder schlecht&#8220;,<br \/>\n4. niemals KlientInnen durch Horoskop-Interpretationen unter Druck setzen oder \u00e4ngstigen und im Bewusstsein der Grenzen astrologischer Aussagen darauf hinweisen, dass jede astrologische Konstellation auf vielerlei Arten und in hilfreicher Entsprechung ausgelegt werden kann,<br \/>\n5. immer alle pers\u00f6nlichen Informationen \u00fcber die KlientInnen streng vertraulich behandeln, es sei denn, sie\/er wird von ihnen davon ausdr\u00fccklich entbunden,<br \/>\n6. sich immer angemessen und klar gegen\u00fcber den KlientInnen hinsichtlich der pers\u00f6nlichen Bed\u00fcrfnisse und Ziele abgrenzen, seien sie z.B. emotionaler, finanzieller oder sexueller Art,<br \/>\n7. das astrologische Know-how st\u00e4ndig \u00fcberpr\u00fcfen und weiterentwickeln, es nur innerhalb der Grenzen der Fachkompetenz anwenden und KlientInnen gegebenenfalls an Fachleute anderer Disziplinen weiterempfehlen.<\/p>\n<p>II. Die\/Der gewerbliche AstrologIn wird KollegInnen mit Achtung, Wertsch\u00e4tzung und dem n\u00f6tigen Respekt begegnen, um das Ansehen des Berufsstandes zu wahren und zu sch\u00fctzen.<\/p>\n<p>&nbsp;<\/p>\n<p><img decoding=\"async\" loading=\"lazy\" class=\"size-medium wp-image-184 aligncenter\" src=\"http:\/\/wandelsterne.at\/wp-content\/uploads\/2017\/04\/2017-04-14-WANDELSTERNE-LOGO-TEXT-CROP-0001-300x42.png\" alt=\"\" width=\"300\" height=\"42\" srcset=\"https:\/\/wandelsterne.at\/wp-content\/uploads\/2017\/04\/2017-04-14-WANDELSTERNE-LOGO-TEXT-CROP-0001-300x42.png 300w, https:\/\/wandelsterne.at\/wp-content\/uploads\/2017\/04\/2017-04-14-WANDELSTERNE-LOGO-TEXT-CROP-0001-768x108.png 768w, https:\/\/wandelsterne.at\/wp-content\/uploads\/2017\/04\/2017-04-14-WANDELSTERNE-LOGO-TEXT-CROP-0001-1024x144.png 1024w, https:\/\/wandelsterne.at\/wp-content\/uploads\/2017\/04\/2017-04-14-WANDELSTERNE-LOGO-TEXT-CROP-0001-640x90.png 640w, https:\/\/wandelsterne.at\/wp-content\/uploads\/2017\/04\/2017-04-14-WANDELSTERNE-LOGO-TEXT-CROP-0001-1010x142.png 1010w\" sizes=\"(max-width: 300px) 100vw, 300px\" \/><\/p>\n","protected":false},"excerpt":{"rendered":"<p>&nbsp; Ethikrichtlinien der Wirtschaftskammer \u00d6sterreich Astrologie (Stand 17. November 2015) F\u00fcr das Ansehen des Berufsstandes innerhalb der Gesellschaft ist die Einhaltung ethischer Grunds\u00e4tze gegen\u00fcber KlientInnen und KollegInnen von gr\u00f6\u00dfter Bedeutung. I. Die\/Der verantwortungsbewusste AstrologIn wird daher bei der Interpretation von Horoskopen nach bestem Wissen und Gewissen 1. das Wohl der KlientInnen immer in das Zentrum [&hellip;]<\/p>\n","protected":false},"author":1,"featured_media":0,"parent":0,"menu_order":0,"comment_status":"closed","ping_status":"closed","template":"","meta":[],"_links":{"self":[{"href":"https:\/\/wandelsterne.at\/index.php?rest_route=\/wp\/v2\/pages\/100"}],"collection":[{"href":"https:\/\/wandelsterne.at\/index.php?rest_route=\/wp\/v2\/pages"}],"about":[{"href":"https:\/\/wandelsterne.at\/index.php?rest_route=\/wp\/v2\/types\/page"}],"author":[{"embeddable":true,"href":"https:\/\/wandelsterne.at\/index.php?rest_route=\/wp\/v2\/users\/1"}],"replies":[{"embeddable":true,"href":"https:\/\/wandelsterne.at\/index.php?rest_route=%2Fwp%2Fv2%2Fcomments&post=100"}],"version-history":[{"count":8,"href":"https:\/\/wandelsterne.at\/index.php?rest_route=\/wp\/v2\/pages\/100\/revisions"}],"predecessor-version":[{"id":241,"href":"https:\/\/wandelsterne.at\/index.php?rest_route=\/wp\/v2\/pages\/100\/revisions\/241"}],"wp:attachment":[{"href":"https:\/\/wandelsterne.at\/index.php?rest_route=%2Fwp%2Fv2%2Fmedia&parent=100"}],"curies":[{"name":"wp","href":"https:\/\/api.w.org\/{rel}","templated":true}]}}