{"id":109,"date":"2017-04-22T20:24:44","date_gmt":"2017-04-22T20:24:44","guid":{"rendered":"http:\/\/wandelsterne.at\/?page_id=109"},"modified":"2017-05-01T09:28:07","modified_gmt":"2017-05-01T09:28:07","slug":"impressum","status":"publish","type":"page","link":"https:\/\/wandelsterne.at\/?page_id=109","title":{"rendered":"Impressum"},"content":{"rendered":"<p>&nbsp;<\/p>\n<figure id=\"attachment_215\" aria-describedby=\"caption-attachment-215\" style=\"width: 640px\" class=\"wp-caption aligncenter\"><img decoding=\"async\" loading=\"lazy\" class=\"size-large wp-image-215\" src=\"http:\/\/wandelsterne.at\/wp-content\/uploads\/2017\/04\/FourverseT-1024x768.jpg\" alt=\"\" width=\"640\" height=\"480\" srcset=\"https:\/\/wandelsterne.at\/wp-content\/uploads\/2017\/04\/FourverseT-1024x768.jpg 1024w, https:\/\/wandelsterne.at\/wp-content\/uploads\/2017\/04\/FourverseT-300x225.jpg 300w, https:\/\/wandelsterne.at\/wp-content\/uploads\/2017\/04\/FourverseT-768x576.jpg 768w, https:\/\/wandelsterne.at\/wp-content\/uploads\/2017\/04\/FourverseT-640x480.jpg 640w, https:\/\/wandelsterne.at\/wp-content\/uploads\/2017\/04\/FourverseT-1010x758.jpg 1010w\" sizes=\"(max-width: 640px) 100vw, 640px\" \/><figcaption id=\"caption-attachment-215\" class=\"wp-caption-text\">fourverse<\/figcaption><\/figure>\n<p>&nbsp;<\/p>\n<p>F\u00fcr den Inhalt und Design verantwortlich:<\/p>\n<p>Mag.Daphne Marinell<br \/>\nKarl-Innerebner-Str. 57A<br \/>\n6020 Innsbruck<\/p>\n<p>Herzlichen Dank f\u00fcr die Projektmitarbeit und Unterst\u00fctzung<br \/>\nan Mag.Ind.Des.Tobias Schlorhaufer &#8211; <a href=\"http:\/\/www.wildruf.com\">wildruf.com<\/a> &#8211; f\u00fcr die Designentwicklung des Logo und der Drucksorten<br \/>\nan Lea Myria Marinell, BA f\u00fcr das Foto<br \/>\nan Daniel Schlorhaufer f\u00fcr das zur Verf\u00fcgung Stellen seiner Aquarelle, denn Bilder sagen mehr als tausend Worte<\/p>\n<div id='gallery-1' class='gallery galleryid-109 gallery-columns-3 gallery-size-thumbnail'><figure class='gallery-item'>\n\t\t\t<div class='gallery-icon landscape'>\n\t\t\t\t<a href='https:\/\/wandelsterne.at\/?attachment_id=178'><img width=\"150\" height=\"150\" src=\"https:\/\/wandelsterne.at\/wp-content\/uploads\/2017\/04\/planetenpfadT-150x150.jpg\" class=\"attachment-thumbnail size-thumbnail\" alt=\"\" decoding=\"async\" loading=\"lazy\" aria-describedby=\"gallery-1-178\" \/><\/a>\n\t\t\t<\/div>\n\t\t\t\t<figcaption class='wp-caption-text gallery-caption' id='gallery-1-178'>\n\t\t\t\tplanetenpfad 2009\n\t\t\t\t<\/figcaption><\/figure><figure class='gallery-item'>\n\t\t\t<div class='gallery-icon portrait'>\n\t\t\t\t<a href='https:\/\/wandelsterne.at\/?attachment_id=191'><img width=\"150\" height=\"150\" src=\"https:\/\/wandelsterne.at\/wp-content\/uploads\/2017\/04\/wasserwegto-150x150.jpg\" class=\"attachment-thumbnail size-thumbnail\" alt=\"\" decoding=\"async\" loading=\"lazy\" aria-describedby=\"gallery-1-191\" \/><\/a>\n\t\t\t<\/div>\n\t\t\t\t<figcaption class='wp-caption-text gallery-caption' id='gallery-1-191'>\n\t\t\t\twasserweg 1998\n\t\t\t\t<\/figcaption><\/figure><figure class='gallery-item'>\n\t\t\t<div class='gallery-icon landscape'>\n\t\t\t\t<a href='https:\/\/wandelsterne.at\/?attachment_id=171'><img width=\"150\" height=\"150\" src=\"https:\/\/wandelsterne.at\/wp-content\/uploads\/2017\/04\/wege-ins-licht-150x150.jpg\" class=\"attachment-thumbnail size-thumbnail\" alt=\"\" decoding=\"async\" loading=\"lazy\" aria-describedby=\"gallery-1-171\" \/><\/a>\n\t\t\t<\/div>\n\t\t\t\t<figcaption class='wp-caption-text gallery-caption' id='gallery-1-171'>\n\t\t\t\twege ins licht 1980\n\t\t\t\t<\/figcaption><\/figure><figure class='gallery-item'>\n\t\t\t<div class='gallery-icon landscape'>\n\t\t\t\t<a href='https:\/\/wandelsterne.at\/?attachment_id=205'><img width=\"150\" height=\"150\" src=\"https:\/\/wandelsterne.at\/wp-content\/uploads\/2017\/04\/meerstadtTo-150x150.jpg\" class=\"attachment-thumbnail size-thumbnail\" alt=\"\" decoding=\"async\" loading=\"lazy\" aria-describedby=\"gallery-1-205\" \/><\/a>\n\t\t\t<\/div>\n\t\t\t\t<figcaption class='wp-caption-text gallery-caption' id='gallery-1-205'>\n\t\t\t\tmeerstadt 1982\n\t\t\t\t<\/figcaption><\/figure><figure class='gallery-item'>\n\t\t\t<div class='gallery-icon landscape'>\n\t\t\t\t<a href='https:\/\/wandelsterne.at\/?attachment_id=78'><img width=\"150\" height=\"150\" src=\"https:\/\/wandelsterne.at\/wp-content\/uploads\/2017\/04\/mehrplatzfueralle-1-150x150.jpg\" class=\"attachment-thumbnail size-thumbnail\" alt=\"\" decoding=\"async\" loading=\"lazy\" aria-describedby=\"gallery-1-78\" \/><\/a>\n\t\t\t<\/div>\n\t\t\t\t<figcaption class='wp-caption-text gallery-caption' id='gallery-1-78'>\n\t\t\t\tmehrplatzfueralle 2008\n\t\t\t\t<\/figcaption><\/figure><figure class='gallery-item'>\n\t\t\t<div class='gallery-icon landscape'>\n\t\t\t\t<a href='https:\/\/wandelsterne.at\/?attachment_id=215'><img width=\"150\" height=\"150\" src=\"https:\/\/wandelsterne.at\/wp-content\/uploads\/2017\/04\/FourverseT-150x150.jpg\" class=\"attachment-thumbnail size-thumbnail\" alt=\"\" decoding=\"async\" loading=\"lazy\" aria-describedby=\"gallery-1-215\" \/><\/a>\n\t\t\t<\/div>\n\t\t\t\t<figcaption class='wp-caption-text gallery-caption' id='gallery-1-215'>\n\t\t\t\tfourverse 2008\n\t\t\t\t<\/figcaption><\/figure><figure class='gallery-item'>\n\t\t\t<div class='gallery-icon landscape'>\n\t\t\t\t<a href='https:\/\/wandelsterne.at\/?attachment_id=142'><img width=\"150\" height=\"150\" src=\"https:\/\/wandelsterne.at\/wp-content\/uploads\/2017\/04\/sandweit-150x150.jpg\" class=\"attachment-thumbnail size-thumbnail\" alt=\"\" decoding=\"async\" loading=\"lazy\" aria-describedby=\"gallery-1-142\" \/><\/a>\n\t\t\t<\/div>\n\t\t\t\t<figcaption class='wp-caption-text gallery-caption' id='gallery-1-142'>\n\t\t\t\tsandweit 2007\n\t\t\t\t<\/figcaption><\/figure><figure class='gallery-item'>\n\t\t\t<div class='gallery-icon landscape'>\n\t\t\t\t<a href='https:\/\/wandelsterne.at\/?attachment_id=258'><img width=\"150\" height=\"150\" src=\"https:\/\/wandelsterne.at\/wp-content\/uploads\/2017\/04\/P4300027-150x150.jpg\" class=\"attachment-thumbnail size-thumbnail\" alt=\"\" decoding=\"async\" loading=\"lazy\" aria-describedby=\"gallery-1-258\" \/><\/a>\n\t\t\t<\/div>\n\t\t\t\t<figcaption class='wp-caption-text gallery-caption' id='gallery-1-258'>\n\t\t\t\thifisch\n\t\t\t\t<\/figcaption><\/figure><figure class='gallery-item'>\n\t\t\t<div class='gallery-icon landscape'>\n\t\t\t\t<a href='https:\/\/wandelsterne.at\/?attachment_id=152'><img width=\"150\" height=\"150\" src=\"https:\/\/wandelsterne.at\/wp-content\/uploads\/2017\/04\/Ausschnitt-fourverse-150x150.jpg\" class=\"attachment-thumbnail size-thumbnail\" alt=\"\" decoding=\"async\" loading=\"lazy\" aria-describedby=\"gallery-1-152\" \/><\/a>\n\t\t\t<\/div>\n\t\t\t\t<figcaption class='wp-caption-text gallery-caption' id='gallery-1-152'>\n\t\t\t\tAusschnitt fourverse 2008\n\t\t\t\t<\/figcaption><\/figure><figure class='gallery-item'>\n\t\t\t<div class='gallery-icon landscape'>\n\t\t\t\t<a href='https:\/\/wandelsterne.at\/?attachment_id=260'><img width=\"150\" height=\"150\" src=\"https:\/\/wandelsterne.at\/wp-content\/uploads\/2017\/04\/P4300012-150x150.jpg\" class=\"attachment-thumbnail size-thumbnail\" alt=\"\" decoding=\"async\" loading=\"lazy\" aria-describedby=\"gallery-1-260\" \/><\/a>\n\t\t\t<\/div>\n\t\t\t\t<figcaption class='wp-caption-text gallery-caption' id='gallery-1-260'>\n\t\t\t\traumzeit\n\t\t\t\t<\/figcaption><\/figure>\n\t\t<\/div>\n\n<p>&nbsp;<\/p>\n","protected":false},"excerpt":{"rendered":"<p>&nbsp; &nbsp; F\u00fcr den Inhalt und Design verantwortlich: Mag.Daphne Marinell Karl-Innerebner-Str. 57A 6020 Innsbruck Herzlichen Dank f\u00fcr die Projektmitarbeit und Unterst\u00fctzung an Mag.Ind.Des.Tobias Schlorhaufer &#8211; wildruf.com &#8211; f\u00fcr die Designentwicklung des Logo und der Drucksorten an Lea Myria Marinell, BA f\u00fcr das Foto an Daniel Schlorhaufer f\u00fcr das zur Verf\u00fcgung Stellen seiner Aquarelle, denn Bilder [&hellip;]<\/p>\n","protected":false},"author":1,"featured_media":0,"parent":0,"menu_order":0,"comment_status":"closed","ping_status":"closed","template":"","meta":[],"_links":{"self":[{"href":"https:\/\/wandelsterne.at\/index.php?rest_route=\/wp\/v2\/pages\/109"}],"collection":[{"href":"https:\/\/wandelsterne.at\/index.php?rest_route=\/wp\/v2\/pages"}],"about":[{"href":"https:\/\/wandelsterne.at\/index.php?rest_route=\/wp\/v2\/types\/page"}],"author":[{"embeddable":true,"href":"https:\/\/wandelsterne.at\/index.php?rest_route=\/wp\/v2\/users\/1"}],"replies":[{"embeddable":true,"href":"https:\/\/wandelsterne.at\/index.php?rest_route=%2Fwp%2Fv2%2Fcomments&post=109"}],"version-history":[{"count":12,"href":"https:\/\/wandelsterne.at\/index.php?rest_route=\/wp\/v2\/pages\/109\/revisions"}],"predecessor-version":[{"id":263,"href":"https:\/\/wandelsterne.at\/index.php?rest_route=\/wp\/v2\/pages\/109\/revisions\/263"}],"wp:attachment":[{"href":"https:\/\/wandelsterne.at\/index.php?rest_route=%2Fwp%2Fv2%2Fmedia&parent=109"}],"curies":[{"name":"wp","href":"https:\/\/api.w.org\/{rel}","templated":true}]}}