{"id":115,"date":"2017-04-23T15:02:56","date_gmt":"2017-04-23T15:02:56","guid":{"rendered":"http:\/\/wandelsterne.at\/?page_id=115"},"modified":"2017-05-12T08:58:56","modified_gmt":"2017-05-12T08:58:56","slug":"astrologie","status":"publish","type":"page","link":"https:\/\/wandelsterne.at\/?page_id=115","title":{"rendered":"Astrologie"},"content":{"rendered":"<p class=\"gedicht\">&#8222;<em>Wie an dem Tag, der dich der Welt verliehen,<img decoding=\"async\" loading=\"lazy\" class=\"size-medium wp-image-189 alignright\" src=\"http:\/\/wandelsterne.at\/wp-content\/uploads\/2017\/04\/2017-04-14-WANDELSTERNE-LOGO-STERN-CROP-SMALL-0001-300x300.png\" alt=\"\" width=\"300\" height=\"300\" srcset=\"https:\/\/wandelsterne.at\/wp-content\/uploads\/2017\/04\/2017-04-14-WANDELSTERNE-LOGO-STERN-CROP-SMALL-0001-300x300.png 300w, https:\/\/wandelsterne.at\/wp-content\/uploads\/2017\/04\/2017-04-14-WANDELSTERNE-LOGO-STERN-CROP-SMALL-0001-150x150.png 150w, https:\/\/wandelsterne.at\/wp-content\/uploads\/2017\/04\/2017-04-14-WANDELSTERNE-LOGO-STERN-CROP-SMALL-0001-768x768.png 768w, https:\/\/wandelsterne.at\/wp-content\/uploads\/2017\/04\/2017-04-14-WANDELSTERNE-LOGO-STERN-CROP-SMALL-0001-1024x1024.png 1024w, https:\/\/wandelsterne.at\/wp-content\/uploads\/2017\/04\/2017-04-14-WANDELSTERNE-LOGO-STERN-CROP-SMALL-0001-640x640.png 640w, https:\/\/wandelsterne.at\/wp-content\/uploads\/2017\/04\/2017-04-14-WANDELSTERNE-LOGO-STERN-CROP-SMALL-0001-1010x1010.png 1010w, https:\/\/wandelsterne.at\/wp-content\/uploads\/2017\/04\/2017-04-14-WANDELSTERNE-LOGO-STERN-CROP-SMALL-0001.png 1200w\" sizes=\"(max-width: 300px) 100vw, 300px\" \/><\/em><br \/>\n<em> Die Sonne stand zum Gru\u00dfe der Planeten,<\/em><br \/>\n<em> Bist alsobald und fort und fort gediehen<\/em><br \/>\n<em> Nach dem Gesetz, wonach du angetreten.<\/em><br \/>\n<em> So mu\u00dft du sein, dir kannst du nicht entfliehen,<\/em><br \/>\n<em> So sagten schon Sibyllen, so Propheten;<\/em><br \/>\n<em> Und keine Zeit und keine Macht zerst\u00fcckelt<\/em><br \/>\n<em> Gepr\u00e4gte Form, die lebend sich entwickelt.<\/em>&#8222;<\/p>\n<p class=\"autor-beschreibung\" style=\"text-align: left;\">Johann Wolfgang Goethe (1749 &#8211; 1832)<\/p>\n<h4>Astrologie ist Menschheitswissen<\/h4>\n<p>Astrologie ist ein jahrtausendealtes Erfahrungswissen \u00fcber menschliche Typologie und Erscheinungsformen.<\/p>\n<p>Sie geht von der Annahme aus, dass r\u00e4umliche Verh\u00e4ltnisse und zeitliche Abl\u00e4ufe in unserem Sonnensystem in Zusammenhang mit physikalischen, biologischen und psychischen Abl\u00e4ufen in Organismen auf der Erde stehen.<\/p>\n<p>In jedem Augenblick bilden die Gestirne unseres Sonnensystems eine spezielle Struktur. Das Radix-Horoskop zeigt die \u201ekosmische Gestalt\u201c im Moment der Geburt und somit die Struktur der Ganzheit, die sich ab diesem Zeitpunkt entfaltet.<\/p>\n<figure id=\"attachment_78\" aria-describedby=\"caption-attachment-78\" style=\"width: 1000px\" class=\"wp-caption aligncenter\"><img decoding=\"async\" loading=\"lazy\" class=\"wp-image-78 size-full\" src=\"http:\/\/wandelsterne.at\/wp-content\/uploads\/2017\/04\/mehrplatzfueralle-1.jpg\" alt=\"\" width=\"1000\" height=\"742\" srcset=\"https:\/\/wandelsterne.at\/wp-content\/uploads\/2017\/04\/mehrplatzfueralle-1.jpg 1000w, https:\/\/wandelsterne.at\/wp-content\/uploads\/2017\/04\/mehrplatzfueralle-1-300x223.jpg 300w, https:\/\/wandelsterne.at\/wp-content\/uploads\/2017\/04\/mehrplatzfueralle-1-768x570.jpg 768w, https:\/\/wandelsterne.at\/wp-content\/uploads\/2017\/04\/mehrplatzfueralle-1-640x475.jpg 640w\" sizes=\"(max-width: 1000px) 100vw, 1000px\" \/><figcaption id=\"caption-attachment-78\" class=\"wp-caption-text\">mehrplatzfueralle<\/figcaption><\/figure>\n<h4>Astrologie ist Symbolsprache<\/h4>\n<p>Die Aufgabe der AstrologInnen ist es, ein Horoskop zu entschl\u00fcsseln und zu deuten.<br \/>\nSie gleichen DolmetscherInnen, die die Anordnung und Beziehung von Symbolen in Sprache \u00fcbersetzen.<\/p>\n<p>Dabei symbolisieren die Planeten die \u201eGrundprinzipien des Lebens schlechthin\u201c oder &#8211;\u00a0 systemtheoretisch ausgedr\u00fcckt &#8211;\u00a0 Systemeigenschaften von lebenden Organismen. Alle lebenden Organismen besitzen ein Horoskop, denn alle sind in kosmische Zusammenh\u00e4nge eingebettet.<\/p>\n<p>Es geht nun darum, m\u00f6gliche Ausdrucksformen dieser zugrundeliegenden Prinzipien oder Symbole aufzuzeigen. Denn diese k\u00f6nnen auf vielf\u00e4ltige aber nicht beliebige Weise zum Ausdruck kommen. Wenn man das Prinzip versteht, ist es m\u00f6glich, selbst konstruktive L\u00f6sungen zu finden.<\/p>\n<p><img decoding=\"async\" loading=\"lazy\" class=\"wp-image-269 size-medium aligncenter\" src=\"http:\/\/wandelsterne.at\/wp-content\/uploads\/2017\/04\/horoskop2_20170512_0001-300x278.jpg\" alt=\"\" width=\"300\" height=\"278\" srcset=\"https:\/\/wandelsterne.at\/wp-content\/uploads\/2017\/04\/horoskop2_20170512_0001-300x278.jpg 300w, https:\/\/wandelsterne.at\/wp-content\/uploads\/2017\/04\/horoskop2_20170512_0001-768x712.jpg 768w, https:\/\/wandelsterne.at\/wp-content\/uploads\/2017\/04\/horoskop2_20170512_0001-1024x949.jpg 1024w, https:\/\/wandelsterne.at\/wp-content\/uploads\/2017\/04\/horoskop2_20170512_0001-640x593.jpg 640w, https:\/\/wandelsterne.at\/wp-content\/uploads\/2017\/04\/horoskop2_20170512_0001-1010x936.jpg 1010w, https:\/\/wandelsterne.at\/wp-content\/uploads\/2017\/04\/horoskop2_20170512_0001.jpg 1500w\" sizes=\"(max-width: 300px) 100vw, 300px\" \/><\/p>\n","protected":false},"excerpt":{"rendered":"<p>&#8222;Wie an dem Tag, der dich der Welt verliehen, Die Sonne stand zum Gru\u00dfe der Planeten, Bist alsobald und fort und fort gediehen Nach dem Gesetz, wonach du angetreten. So mu\u00dft du sein, dir kannst du nicht entfliehen, So sagten schon Sibyllen, so Propheten; Und keine Zeit und keine Macht zerst\u00fcckelt Gepr\u00e4gte Form, die lebend [&hellip;]<\/p>\n","protected":false},"author":1,"featured_media":0,"parent":0,"menu_order":0,"comment_status":"closed","ping_status":"closed","template":"","meta":[],"_links":{"self":[{"href":"https:\/\/wandelsterne.at\/index.php?rest_route=\/wp\/v2\/pages\/115"}],"collection":[{"href":"https:\/\/wandelsterne.at\/index.php?rest_route=\/wp\/v2\/pages"}],"about":[{"href":"https:\/\/wandelsterne.at\/index.php?rest_route=\/wp\/v2\/types\/page"}],"author":[{"embeddable":true,"href":"https:\/\/wandelsterne.at\/index.php?rest_route=\/wp\/v2\/users\/1"}],"replies":[{"embeddable":true,"href":"https:\/\/wandelsterne.at\/index.php?rest_route=%2Fwp%2Fv2%2Fcomments&post=115"}],"version-history":[{"count":13,"href":"https:\/\/wandelsterne.at\/index.php?rest_route=\/wp\/v2\/pages\/115\/revisions"}],"predecessor-version":[{"id":270,"href":"https:\/\/wandelsterne.at\/index.php?rest_route=\/wp\/v2\/pages\/115\/revisions\/270"}],"wp:attachment":[{"href":"https:\/\/wandelsterne.at\/index.php?rest_route=%2Fwp%2Fv2%2Fmedia&parent=115"}],"curies":[{"name":"wp","href":"https:\/\/api.w.org\/{rel}","templated":true}]}}