{"id":125,"date":"2017-04-23T15:21:26","date_gmt":"2017-04-23T15:21:26","guid":{"rendered":"http:\/\/wandelsterne.at\/?page_id=125"},"modified":"2017-04-27T16:53:46","modified_gmt":"2017-04-27T16:53:46","slug":"beratung","status":"publish","type":"page","link":"https:\/\/wandelsterne.at\/?page_id=125","title":{"rendered":"Beratung"},"content":{"rendered":"<p style=\"text-align: left;\">&#8222;<em>Lerne zu werden, der du bist und sei danach<\/em>.&#8220;<\/p>\n<p style=\"text-align: right;\">\u00a0\u00a0 Pindar (etwa um 518 &#8211; 442 v. Chr.)<\/p>\n<figure id=\"attachment_191\" aria-describedby=\"caption-attachment-191\" style=\"width: 640px\" class=\"wp-caption aligncenter\"><img decoding=\"async\" loading=\"lazy\" class=\"wp-image-191 size-large\" src=\"http:\/\/wandelsterne.at\/wp-content\/uploads\/2017\/04\/wasserwegto-768x1024.jpg\" alt=\"\" width=\"640\" height=\"853\" srcset=\"https:\/\/wandelsterne.at\/wp-content\/uploads\/2017\/04\/wasserwegto-768x1024.jpg 768w, https:\/\/wandelsterne.at\/wp-content\/uploads\/2017\/04\/wasserwegto-225x300.jpg 225w, https:\/\/wandelsterne.at\/wp-content\/uploads\/2017\/04\/wasserwegto-640x853.jpg 640w, https:\/\/wandelsterne.at\/wp-content\/uploads\/2017\/04\/wasserwegto-1010x1347.jpg 1010w\" sizes=\"(max-width: 640px) 100vw, 640px\" \/><figcaption id=\"caption-attachment-191\" class=\"wp-caption-text\">wasserweg<\/figcaption><\/figure>\n<h4>Wozu astrologische Beratung?<\/h4>\n<p>Zu einer Astrologin kommen Menschen mit verschiedensten Erwartungen:<\/p>\n<ul>\n<li>Sie wollen sich selbst besser kennenlernen<\/li>\n<li>Sie sind einfach nur neugierig, was die Astrologie kann<\/li>\n<li>Sie brauchen Entscheidungshilfen bei Fragen der Lebensorientierung<\/li>\n<li>Sie suchen Unterst\u00fctzung in Krisen- und Wendezeiten<\/li>\n<li>Sie kommen mit konkreten Fragen zu Themen wie Beziehung, Elternschaft, Beruf, Spiritualit\u00e4t und Entfaltung\u2026..<\/li>\n<\/ul>\n<p>AstrologInnen unterscheiden sich ebenfalls sehr in dem, was sie Ratsuchenden anbieten. Ich kann Ihnen mit Hilfe des Horoskops:<\/p>\n<ul>\n<li>zugrundeliegende Muster und Zusammenh\u00e4nge verdeutlichen<\/li>\n<li>neue Perspektiven vermitteln<\/li>\n<li>erweiterte M\u00f6glichkeiten aufzeigen, ihr Potential zu leben<\/li>\n<li>wesentliche Lebensthemen herausarbeiten<\/li>\n<li>Verst\u00e4ndnis f\u00fcr spezielle Fragen wecken wie Beziehungsverhalten, tiefsitzende Glaubenss\u00e4tze, famili\u00e4re Pr\u00e4gungen, Talente und Sehns\u00fcchte&#8230;.<\/li>\n<\/ul>\n<p>Eine Beratung ist ein astro-psychologisches Gespr\u00e4ch auf Augenh\u00f6he, bei dem es darum geht, auf einf\u00fchlsame Art und Weise Ihre Anliegen und Fragen zu er\u00f6rtern. Dabei dient das Horoskop als Landkarte. W\u00e4hrend ich die Wegmarken der Karte erl\u00e4utere, entscheiden Sie selbst, welchen Weg Sie gehen. Sie halten den Kompass in H\u00e4nden.<\/p>\n<p>&nbsp;<\/p>\n<p><img decoding=\"async\" loading=\"lazy\" class=\"size-large wp-image-184 aligncenter\" src=\"http:\/\/wandelsterne.at\/wp-content\/uploads\/2017\/04\/2017-04-14-WANDELSTERNE-LOGO-TEXT-CROP-0001-1024x144.png\" alt=\"\" width=\"640\" height=\"90\" srcset=\"https:\/\/wandelsterne.at\/wp-content\/uploads\/2017\/04\/2017-04-14-WANDELSTERNE-LOGO-TEXT-CROP-0001-1024x144.png 1024w, https:\/\/wandelsterne.at\/wp-content\/uploads\/2017\/04\/2017-04-14-WANDELSTERNE-LOGO-TEXT-CROP-0001-300x42.png 300w, https:\/\/wandelsterne.at\/wp-content\/uploads\/2017\/04\/2017-04-14-WANDELSTERNE-LOGO-TEXT-CROP-0001-768x108.png 768w, https:\/\/wandelsterne.at\/wp-content\/uploads\/2017\/04\/2017-04-14-WANDELSTERNE-LOGO-TEXT-CROP-0001-640x90.png 640w, https:\/\/wandelsterne.at\/wp-content\/uploads\/2017\/04\/2017-04-14-WANDELSTERNE-LOGO-TEXT-CROP-0001-1010x142.png 1010w\" sizes=\"(max-width: 640px) 100vw, 640px\" \/><\/p>\n","protected":false},"excerpt":{"rendered":"<p>&#8222;Lerne zu werden, der du bist und sei danach.&#8220; \u00a0\u00a0 Pindar (etwa um 518 &#8211; 442 v. Chr.) Wozu astrologische Beratung? Zu einer Astrologin kommen Menschen mit verschiedensten Erwartungen: Sie wollen sich selbst besser kennenlernen Sie sind einfach nur neugierig, was die Astrologie kann Sie brauchen Entscheidungshilfen bei Fragen der Lebensorientierung Sie suchen Unterst\u00fctzung in [&hellip;]<\/p>\n","protected":false},"author":1,"featured_media":0,"parent":0,"menu_order":0,"comment_status":"closed","ping_status":"closed","template":"","meta":[],"_links":{"self":[{"href":"https:\/\/wandelsterne.at\/index.php?rest_route=\/wp\/v2\/pages\/125"}],"collection":[{"href":"https:\/\/wandelsterne.at\/index.php?rest_route=\/wp\/v2\/pages"}],"about":[{"href":"https:\/\/wandelsterne.at\/index.php?rest_route=\/wp\/v2\/types\/page"}],"author":[{"embeddable":true,"href":"https:\/\/wandelsterne.at\/index.php?rest_route=\/wp\/v2\/users\/1"}],"replies":[{"embeddable":true,"href":"https:\/\/wandelsterne.at\/index.php?rest_route=%2Fwp%2Fv2%2Fcomments&post=125"}],"version-history":[{"count":18,"href":"https:\/\/wandelsterne.at\/index.php?rest_route=\/wp\/v2\/pages\/125\/revisions"}],"predecessor-version":[{"id":257,"href":"https:\/\/wandelsterne.at\/index.php?rest_route=\/wp\/v2\/pages\/125\/revisions\/257"}],"wp:attachment":[{"href":"https:\/\/wandelsterne.at\/index.php?rest_route=%2Fwp%2Fv2%2Fmedia&parent=125"}],"curies":[{"name":"wp","href":"https:\/\/api.w.org\/{rel}","templated":true}]}}