{"id":141,"date":"2017-04-23T16:20:14","date_gmt":"2017-04-23T16:20:14","guid":{"rendered":"http:\/\/wandelsterne.at\/?page_id=141"},"modified":"2025-12-28T14:51:39","modified_gmt":"2025-12-28T14:51:39","slug":"arten-der-beratung","status":"publish","type":"page","link":"https:\/\/wandelsterne.at\/?page_id=141","title":{"rendered":"Arten der Beratung"},"content":{"rendered":"<figure id=\"attachment_142\" aria-describedby=\"caption-attachment-142\" style=\"width: 640px\" class=\"wp-caption aligncenter\"><img decoding=\"async\" loading=\"lazy\" class=\"size-large wp-image-142\" src=\"http:\/\/wandelsterne.at\/wp-content\/uploads\/2017\/04\/sandweit-1024x722.jpg\" alt=\"\" width=\"640\" height=\"451\" srcset=\"https:\/\/wandelsterne.at\/wp-content\/uploads\/2017\/04\/sandweit-1024x722.jpg 1024w, https:\/\/wandelsterne.at\/wp-content\/uploads\/2017\/04\/sandweit-300x211.jpg 300w, https:\/\/wandelsterne.at\/wp-content\/uploads\/2017\/04\/sandweit-768x541.jpg 768w, https:\/\/wandelsterne.at\/wp-content\/uploads\/2017\/04\/sandweit-640x451.jpg 640w, https:\/\/wandelsterne.at\/wp-content\/uploads\/2017\/04\/sandweit-1010x712.jpg 1010w, https:\/\/wandelsterne.at\/wp-content\/uploads\/2017\/04\/sandweit.jpg 1500w\" sizes=\"(max-width: 640px) 100vw, 640px\" \/><figcaption id=\"caption-attachment-142\" class=\"wp-caption-text\">sandweit<\/figcaption><\/figure>\n<p>Beratungsgespr\u00e4che dauern in der Regel zwei Stunden, hinzu kommt ein einst\u00fcndiges Vorgespr\u00e4ch. Zwischen den beiden Terminen liegt mindestens eine Woche.<\/p>\n<h5>Astrologisches Beratungsgespr\u00e4ch<\/h5>\n<p>Die wesentlichen Lebensthemen, die sich im Geburtshoroskop widerspiegeln werden in einem ausf\u00fchrlichen Gespr\u00e4ch er\u00f6rtert. H\u00e4ufig orientiert es sich an Fragen und Themen, die Sie \u201emitbringen\u201c.<\/p>\n<p>Das Gespr\u00e4ch dauert etwa 2 Stunden, hinzu kommt circa eine Stunde Vorgespr\u00e4ch. Sie erhalten einen Mitschnitt des Gespr\u00e4ches auf einem USB Stick.<\/p>\n<p style=\"text-align: right;\">\u20ac 180.-<\/p>\n<h5>Prognose (von Geburtstag zu Geburtstag)<\/h5>\n<p>Auf welchen Gebieten liegt in diesem Geburtsjahr der Ereignis- oder Erlebnis-Schwerpunkt. Welcher Entwicklungsschritt ist in diesem Jahr \u201emein Thema\u201c.<\/p>\n<p>Voraussetzung f\u00fcr das Erstellen einer Prognose ist das Vorliegen einer Deutung des Radix-Horoskops.<\/p>\n<p style=\"text-align: right;\">Zweist\u00fcndiges Gespr\u00e4ch\u00a0\u00a0\u00a0\u00a0\u00a0\u00a0\u00a0\u00a0\u00a0\u00a0\u00a0\u00a0\u00a0\u00a0\u00a0\u00a0\u00a0\u00a0\u00a0\u00a0\u00a0\u00a0 \u20ac 120.-<\/p>\n<p><strong>Das Horoskop Ihres Kindes<\/strong><\/p>\n<p>Die &#8222;Grundthemen&#8220; im Horoskop Ihres Kindes (bis 14 Jahre), seine Sicht auf die Welt und wie Sie es bei seiner Entwicklung unterst\u00fctzen und f\u00f6rdern k\u00f6nnen, werden in einem zweist\u00fcndigen Gespr\u00e4ch er\u00f6rtert.<\/p>\n<p style=\"text-align: right;\">\u20ac 180.-<\/p>\n<h5>Partnervergleich (auch Eltern \u2013 Kind)<\/h5>\n<p>Beim Horoskop-Vergleich geht es um die Herausarbeitung von St\u00e4rken und Schw\u00e4chen einer Beziehung, um das Erkennen von eventuellen Konflikt-Bereichen und der inneren Bedingtheit gegenseitiger Anziehung. Das Horoskop ihres Partners\/ihrerPartnerin oder Kindes (sofern es \u00e4lter als 14 Jahre ist) kann ich mit Ihnen nur besprechen, wenn eine schriftliche Einwilligung des Betroffenen oder der Betroffenen vorliegt. Von mindestens einem der beiden PartnerInnen muss eine Radix-Deutung vorliegen.<\/p>\n<p style=\"text-align: right;\">\u20ac 240.-<\/p>\n<h5>Nachgespr\u00e4che<\/h5>\n<p>Manchmal tauchen erst nach einem Beratungsgespr\u00e4ch weitere Fragen auf. Zu allen Beratungsformen, seien sie m\u00fcndlich oder schriftlich\u00a0 k\u00f6nnen daher Nachgespr\u00e4che vereinbart werden.<\/p>\n<p style=\"text-align: right;\">Einzelstunde \u00a0 \u00a0 \u00a0 \u00a0 \u00a0 \u00a0 \u00a0 \u00a0 \u00a0 \u00a0 \u00a0 \u20ac 60.-<\/p>\n<p style=\"text-align: right;\">Doppelstunde\u00a0\u00a0\u00a0\u00a0\u00a0\u00a0\u00a0\u00a0\u00a0\u00a0\u00a0\u00a0\u00a0\u00a0\u00a0\u00a0\u00a0\u00a0 \u20ac 120.-<\/p>\n<p><strong>Schriftliche &#8222;Horoskop &#8211; Gutachten&#8220;<\/strong><\/p>\n<p>Auf Anfrage erstelle ich auch schriftliche &#8222;Gutachten&#8220; Ihres Horoskops oder von dem Ihres Kindes. Ein schriftliches Gutachten unterscheidet sich von herk\u00f6mmlichen Computer-Horoskopen durch die integrative Zusammenschau und Gewichtung. Es ist sozusagen \u201eHandwerk\u201c im Gegensatz zu Massenware.<\/p>\n<p style=\"text-align: right;\"><img decoding=\"async\" loading=\"lazy\" class=\"size-medium wp-image-184 aligncenter\" src=\"http:\/\/wandelsterne.at\/wp-content\/uploads\/2017\/04\/2017-04-14-WANDELSTERNE-LOGO-TEXT-CROP-0001-300x42.png\" alt=\"\" width=\"300\" height=\"42\" srcset=\"https:\/\/wandelsterne.at\/wp-content\/uploads\/2017\/04\/2017-04-14-WANDELSTERNE-LOGO-TEXT-CROP-0001-300x42.png 300w, https:\/\/wandelsterne.at\/wp-content\/uploads\/2017\/04\/2017-04-14-WANDELSTERNE-LOGO-TEXT-CROP-0001-768x108.png 768w, https:\/\/wandelsterne.at\/wp-content\/uploads\/2017\/04\/2017-04-14-WANDELSTERNE-LOGO-TEXT-CROP-0001-1024x144.png 1024w, https:\/\/wandelsterne.at\/wp-content\/uploads\/2017\/04\/2017-04-14-WANDELSTERNE-LOGO-TEXT-CROP-0001-640x90.png 640w, https:\/\/wandelsterne.at\/wp-content\/uploads\/2017\/04\/2017-04-14-WANDELSTERNE-LOGO-TEXT-CROP-0001-1010x142.png 1010w\" sizes=\"(max-width: 300px) 100vw, 300px\" \/><\/p>\n","protected":false},"excerpt":{"rendered":"<p>Beratungsgespr\u00e4che dauern in der Regel zwei Stunden, hinzu kommt ein einst\u00fcndiges Vorgespr\u00e4ch. Zwischen den beiden Terminen liegt mindestens eine Woche. Astrologisches Beratungsgespr\u00e4ch Die wesentlichen Lebensthemen, die sich im Geburtshoroskop widerspiegeln werden in einem ausf\u00fchrlichen Gespr\u00e4ch er\u00f6rtert. H\u00e4ufig orientiert es sich an Fragen und Themen, die Sie \u201emitbringen\u201c. Das Gespr\u00e4ch dauert etwa 2 Stunden, hinzu kommt [&hellip;]<\/p>\n","protected":false},"author":1,"featured_media":0,"parent":0,"menu_order":0,"comment_status":"closed","ping_status":"closed","template":"","meta":[],"_links":{"self":[{"href":"https:\/\/wandelsterne.at\/index.php?rest_route=\/wp\/v2\/pages\/141"}],"collection":[{"href":"https:\/\/wandelsterne.at\/index.php?rest_route=\/wp\/v2\/pages"}],"about":[{"href":"https:\/\/wandelsterne.at\/index.php?rest_route=\/wp\/v2\/types\/page"}],"author":[{"embeddable":true,"href":"https:\/\/wandelsterne.at\/index.php?rest_route=\/wp\/v2\/users\/1"}],"replies":[{"embeddable":true,"href":"https:\/\/wandelsterne.at\/index.php?rest_route=%2Fwp%2Fv2%2Fcomments&post=141"}],"version-history":[{"count":9,"href":"https:\/\/wandelsterne.at\/index.php?rest_route=\/wp\/v2\/pages\/141\/revisions"}],"predecessor-version":[{"id":311,"href":"https:\/\/wandelsterne.at\/index.php?rest_route=\/wp\/v2\/pages\/141\/revisions\/311"}],"wp:attachment":[{"href":"https:\/\/wandelsterne.at\/index.php?rest_route=%2Fwp%2Fv2%2Fmedia&parent=141"}],"curies":[{"name":"wp","href":"https:\/\/api.w.org\/{rel}","templated":true}]}}