{"id":272,"date":"2018-08-30T10:14:29","date_gmt":"2018-08-30T10:14:29","guid":{"rendered":"http:\/\/wandelsterne.at\/?page_id=272"},"modified":"2022-08-24T16:01:19","modified_gmt":"2022-08-24T16:01:19","slug":"datenschutz","status":"publish","type":"page","link":"https:\/\/wandelsterne.at\/?page_id=272","title":{"rendered":"Datenschutz"},"content":{"rendered":"<h3 style=\"text-align: center;\"><strong><span style=\"color: #008080;\">Datenschutzerkl\u00e4rung<\/span><\/strong><\/h3>\n<h4 style=\"text-align: center;\"><span style=\"color: #008080;\"><strong>Grundlegendes<\/strong> <\/span><\/h4>\n<p style=\"text-align: left;\"><span style=\"color: #008080;\">Diese Datenschutzerkl\u00e4rung soll die Nutzer dieser Website \u00fcber die Art, den Umfang und den Zweck der Erhebung und Verwendung personenbezogener Daten durch den Websitebetreiber (Mag. Daphne Marinell &#8211; Karl-Innerebner-Str.57a &#8211; A-6020 Innsbruck daphne.marinell@chello.at) informieren.<\/span><br \/>\n<span style=\"color: #008080;\">Die Websitebetreiberin nimmt Ihren Datenschutz sehr ernst und behandelt Ihre personenbezogenen Daten vertraulich und entsprechend den gesetzlichen Vorschriften. Definitionen der verwendeten Begriffe (z.B. \u201epersonenbezogene Daten\u201c oder \u201eVerarbeitung\u201c) finden Sie in Art. 4 DSGVO.<\/span><\/p>\n<p style=\"text-align: center;\"><strong><span style=\"color: #008080;\">Zugriffsdaten<\/span><\/strong><\/p>\n<p><span style=\"color: #008080;\">Wir, der Webseitentreiber bzw Seitenprovider, erheben aufgrund unseres berechtigten Interesses (s.Art. 6 Abs.1 lit.f. DSGOV) Daten \u00fcber Zugriffe auf die Website und speichern diese als &#8222;Server-Logfiles&#8220; auf dem Server der Website ab. Folgende Daten werden so protokolliert:<\/span><\/p>\n<ul>\n<li><span style=\"color: #008080;\">Besuchte Website<\/span><\/li>\n<li><span style=\"color: #008080;\">Uhrzeit zum Zeitpunkt des Zugriffs<\/span><\/li>\n<li><span style=\"color: #008080;\">Menge der gesendeten Daten in Bytes<\/span><\/li>\n<li><span style=\"color: #008080;\">Quelle\/Verweis, von welchem Sie auf die Seite kommen<\/span><\/li>\n<li><span style=\"color: #008080;\">Verwendeter Browser<\/span><\/li>\n<li><span style=\"color: #008080;\">Verwendetes Betriebssystem<\/span><\/li>\n<li><span style=\"color: #008080;\">Verwendete IP-Adresse<\/span><\/li>\n<\/ul>\n<p><span style=\"color: #008080;\">Es findet keine Zusammenf\u00fchrung dieser Daten mit anderen Datenquellen statt. Grundlage der Datenverarbeitung bildet Art. 6 Abs.1 lit. b DSGVO der die Verarbeitung von Daten zur Erf\u00fcllung eines Vertrags oder vorvertragliche Ma\u00dfnahmen gestattet.<br \/>\n<\/span><\/p>\n<h4 style=\"text-align: center;\"><strong><span style=\"color: #008080;\">Umgang mit Kontaktdaten<\/span><\/strong><\/h4>\n<p style=\"text-align: left;\"><span style=\"color: #008080;\">Nehmen Sie mit mir als Websitebetreiberin durch die angebotene Kontaktm\u00f6glichkeit Verbindung auf, werden Ihre Angaben gespeichert, damit auf diese zur Beantwortung und Bearbeitung Ihrer Anfrage zugegriffen werden kann. Ohne Ihre Einwilligung werden diese Daten nicht an Dritte weitergegeben.<\/span><\/p>\n<h4 style=\"text-align: center;\"><strong><span style=\"color: #008080;\">Cookies &#8211; Social Medias \u2013 Google Analytics<\/span><\/strong><\/h4>\n<p><span style=\"color: #339966;\"><span style=\"color: #008080;\">Diese Webseite verwendet Cookies. Bei Cookies handelt es sich um kleine Daten, welche auf Ihrem Endger\u00e4t gespeichert werden. Ihr Browser greift auf diese Daten zu. Durch den Einsatz von Cookies erh\u00f6ht sich die Benutzerfreundlichkeit und Sicherheit dieser Webseite.. Falls Sie nicht m\u00f6chten, dass Cookies auf Ihrem Endger\u00e4t gespeichert werden, k\u00f6nnen Sie in Ihrem Browser die Einstellungsoption\u00a0 w\u00e4hlen, Cookies nicht zuzulassen.<\/span> <\/span><\/p>\n<p><span style=\"color: #008080;\">Das Setzen von Cookies, die zur Aus\u00fcbung elektronischer Kommunikationsvorg\u00e4nge oder der Bereitstellung bestimmter, von\u00a0 Ihnen erw\u00fcnschter Funktionen notwendig sind, erfolgt auf Grundlage von Art. 6 Abs.1 lit. f DSGVO. Als Betreiber dieser Webseite haben wir ein berechtigtes Interesse an der Speicherung von Cookies zur technisch fehlerfreien und reibungslosen Bereitstellung unserer Dienste.<\/span><\/p>\n<p><span style=\"color: #008080;\">Diese Website verwendet kein Google Analytics und hat datenm\u00e4\u00dfig keine Verbindung zu Social Medias.<\/span><\/p>\n<h4 style=\"text-align: center;\"><span style=\"color: #008080;\">Ma\u00dfgebliche Rechtsgrundlagen<\/span><\/h4>\n<p style=\"text-align: left;\"><span style=\"color: #008080;\">Nach Ma\u00dfgabe des Art. 13 DSGVO teilen wir Ihnen die Rechtsgrundlagen unserer Datenverarbeitungen mit. Sofern die Rechtsgrundlage in der Datenschutzerkl\u00e4rung nicht genannt wird, gilt Folgendes: Die Rechtsgrundlage f\u00fcr die Einholung von Einwilligungen ist Art. 6 Abs. 1 lit. a und Art. 7 DSGVO, die Rechtsgrundlage f\u00fcr die Verarbeitung zur Erf\u00fcllung unserer Leistungen und Durchf\u00fchrung vertraglicher Ma\u00dfnahmen sowie Beantwortung von Anfragen ist Art. 6 Abs. 1 lit. b DSGVO, die Rechtsgrundlage f\u00fcr die Verarbeitung zur Erf\u00fcllung unserer rechtlichen Verpflichtungen ist Art. 6 Abs. 1 lit. c DSGVO, und die Rechtsgrundlage f\u00fcr die Verarbeitung zur Wahrung unserer berechtigten Interessen ist Art. 6 Abs. 1 lit. f DSGVO. F\u00fcr den Fall, dass lebenswichtige Interessen der betroffenen Person oder einer anderen nat\u00fcrlichen Person eine Verarbeitung personenbezogener Daten erforderlich machen, dient Art. 6 Abs. 1 lit. d DSGVO als Rechtsgrundlage.<\/span><\/p>\n<h4 style=\"text-align: center;\"><strong><span style=\"color: #008080;\">Rechte der betroffenen Personen<\/span><\/strong><\/h4>\n<p style=\"text-align: left;\"><span style=\"color: #008080;\">Sie haben als Nutzer das Recht, auf Antrag eine kostenlose Auskunft dar\u00fcber zu erhalten, welche personenbezogenen Daten \u00fcber Sie gespeichert wurden. Sie haben au\u00dferdem das Recht auf Berichtigung falscher Daten und auf die Verarbeitungseinschr\u00e4nkung oder L\u00f6schung Ihrer personenbezogenen Daten. Falls zutreffend k\u00f6nnen Sie auch Ihr Recht auf Datenportabilit\u00e4t geltend machen. Sollten Sie annehmen, dass Ihre Daten unrechtm\u00e4\u00dfig verarbeitet wurden, k\u00f6nnen Sie eine Beschwerde bei der zust\u00e4ndigen Aufsichtsbeh\u00f6rde einreichen.<\/span><\/p>\n<h4 style=\"text-align: center;\"><span style=\"color: #008080;\">L\u00f6schung von Daten<\/span><\/h4>\n<p style=\"text-align: left;\"><span style=\"color: #008080;\">Sofern Ihr Wunsch nicht mit einer Pflicht zur Aufbewahrung von Daten kollidiert, haben Sie ein Anrecht auf L\u00f6schung Ihrer Daten. Von mir gespeicherte Daten werden, sollten Sie f\u00fcr Ihre Zweckbestimmung nicht mehr vonn\u00f6ten sein und es keine gesetzlichen Aufbewahrungsfristen gibt, gel\u00f6scht. Falls eine L\u00f6schung nicht durchgef\u00fchrt werden kann, da die Daten f\u00fcr zul\u00e4ssige gesetzliche Zwecke erforderlich sind, erfolgt eine Einschr\u00e4nkung der Datenverarbeitung. In diesem Fall werden die Daten gesperrt und nicht f\u00fcr andere Zwecke verarbeitet.<\/span><\/p>\n<h4 style=\"text-align: center;\"><span style=\"color: #008080;\">Widerspruchsrecht<\/span><\/h4>\n<p style=\"text-align: left;\"><span style=\"color: #008080;\">Nutzer dieser Website k\u00f6nnen von ihrem Widerspruchsrecht Gebrauch machen und der Verarbeitung ihrer personenbezogenen Daten zu jeder Zeit widersprechen.<\/span><\/p>\n","protected":false},"excerpt":{"rendered":"<p>Datenschutzerkl\u00e4rung Grundlegendes Diese Datenschutzerkl\u00e4rung soll die Nutzer dieser Website \u00fcber die Art, den Umfang und den Zweck der Erhebung und Verwendung personenbezogener Daten durch den Websitebetreiber (Mag. Daphne Marinell &#8211; Karl-Innerebner-Str.57a &#8211; A-6020 Innsbruck daphne.marinell@chello.at) informieren. Die Websitebetreiberin nimmt Ihren Datenschutz sehr ernst und behandelt Ihre personenbezogenen Daten vertraulich und entsprechend den gesetzlichen Vorschriften. Definitionen [&hellip;]<\/p>\n","protected":false},"author":1,"featured_media":0,"parent":203,"menu_order":0,"comment_status":"closed","ping_status":"closed","template":"","meta":[],"_links":{"self":[{"href":"https:\/\/wandelsterne.at\/index.php?rest_route=\/wp\/v2\/pages\/272"}],"collection":[{"href":"https:\/\/wandelsterne.at\/index.php?rest_route=\/wp\/v2\/pages"}],"about":[{"href":"https:\/\/wandelsterne.at\/index.php?rest_route=\/wp\/v2\/types\/page"}],"author":[{"embeddable":true,"href":"https:\/\/wandelsterne.at\/index.php?rest_route=\/wp\/v2\/users\/1"}],"replies":[{"embeddable":true,"href":"https:\/\/wandelsterne.at\/index.php?rest_route=%2Fwp%2Fv2%2Fcomments&post=272"}],"version-history":[{"count":6,"href":"https:\/\/wandelsterne.at\/index.php?rest_route=\/wp\/v2\/pages\/272\/revisions"}],"predecessor-version":[{"id":302,"href":"https:\/\/wandelsterne.at\/index.php?rest_route=\/wp\/v2\/pages\/272\/revisions\/302"}],"up":[{"embeddable":true,"href":"https:\/\/wandelsterne.at\/index.php?rest_route=\/wp\/v2\/pages\/203"}],"wp:attachment":[{"href":"https:\/\/wandelsterne.at\/index.php?rest_route=%2Fwp%2Fv2%2Fmedia&parent=272"}],"curies":[{"name":"wp","href":"https:\/\/api.w.org\/{rel}","templated":true}]}}