{"id":97,"date":"2017-04-22T20:17:28","date_gmt":"2017-04-22T20:17:28","guid":{"rendered":"http:\/\/wandelsterne.at\/?page_id=97"},"modified":"2023-01-23T10:54:39","modified_gmt":"2023-01-23T10:54:39","slug":"ablauf","status":"publish","type":"page","link":"https:\/\/wandelsterne.at\/?page_id=97","title":{"rendered":"Ablauf"},"content":{"rendered":"<figure id=\"attachment_258\" aria-describedby=\"caption-attachment-258\" style=\"width: 640px\" class=\"wp-caption aligncenter\"><img decoding=\"async\" loading=\"lazy\" class=\"wp-image-258 size-large\" src=\"http:\/\/wandelsterne.at\/wp-content\/uploads\/2017\/04\/P4300027-1024x612.jpg\" alt=\"\" width=\"640\" height=\"383\" srcset=\"https:\/\/wandelsterne.at\/wp-content\/uploads\/2017\/04\/P4300027-1024x612.jpg 1024w, https:\/\/wandelsterne.at\/wp-content\/uploads\/2017\/04\/P4300027-300x179.jpg 300w, https:\/\/wandelsterne.at\/wp-content\/uploads\/2017\/04\/P4300027-768x459.jpg 768w, https:\/\/wandelsterne.at\/wp-content\/uploads\/2017\/04\/P4300027-640x383.jpg 640w, https:\/\/wandelsterne.at\/wp-content\/uploads\/2017\/04\/P4300027-1010x604.jpg 1010w\" sizes=\"(max-width: 640px) 100vw, 640px\" \/><figcaption id=\"caption-attachment-258\" class=\"wp-caption-text\">hifisch<\/figcaption><\/figure>\n<ul>\n<li>Rufen Sie mich an oder schreiben Sie mir ein Email. Wir k\u00f6nnen dann einen Termin f\u00fcr ein Vorgespr\u00e4ch vereinbaren, in dem wir kl\u00e4ren, welche Erwartungen Sie haben und ob ich sie erf\u00fcllen kann. Falls Sie sich f\u00fcr eine schriftliche Horoskopdeutung entscheiden, kann das Vorgespr\u00e4ch auf Ihren Wunsch hin auch entfallen. Allerdings ben\u00f6tige ich dann noch erg\u00e4nzende Daten.<\/li>\n<li>Zum einst\u00fcndigen Vorgespr\u00e4ch bitte ich Sie die ben\u00f6tigten Daten mitzubringen: Geburtsort, Geburtstag und die m\u00f6glichst genaue Geburtszeit. Sie k\u00f6nnen beim jeweiligen Standesamt die genaue Geburtszeit erfragen oder sich von ihrer Richtigkeit \u00fcberzeugen.<\/li>\n<li>Beim Vorgespr\u00e4ch wird zun\u00e4chst gekl\u00e4rt, worum es Ihnen geht und ob ich die richtige Ansprechpartnerin bin. Wir k\u00f6nnen feststellen, ob wir \u00fcberhaupt gemeinsam \u201earbeiten\u201c k\u00f6nnen.<\/li>\n<li>Anschlie\u00dfend gehen wir gemeinsam einen Fragekatalog zu ihrer Biographie durch, denn es geht nicht darum, dass ich Ihnen Ihr Leben erz\u00e4hle. Niemand kennt sein Leben besser als Sie. Vielmehr ist es mit Hilfe des Horoskops m\u00f6glich, Struktur in ihre Biographie zu bringen.<\/li>\n<li>Das Vorgespr\u00e4ch wird so auch zu einer Vorbereitung f\u00fcr Sie und f\u00fcr mich f\u00fcr das eigentliche astrologische Beratungsgespr\u00e4ch.<\/li>\n<li>Das Beratungsgespr\u00e4ch findet gew\u00f6hnlich eine Woche sp\u00e4ter statt. Bis dahin sind wir beide schon gut vorbereitet und k\u00f6nnen gleich zum Wesentlichen kommen. Das Gespr\u00e4ch k\u00f6nnen Sie mit Ihrem Handy aufnehmen oder Sie erhalten von mir im Anschluss die Aufnahme. Sollten Fragen offen bleiben oder sp\u00e4ter auftauchen, gibt es die M\u00f6glichkeit, Nachgespr\u00e4che zu vereinbaren.<\/li>\n<\/ul>\n<p><img decoding=\"async\" loading=\"lazy\" class=\"size-medium wp-image-184 aligncenter\" src=\"http:\/\/wandelsterne.at\/wp-content\/uploads\/2017\/04\/2017-04-14-WANDELSTERNE-LOGO-TEXT-CROP-0001-300x42.png\" alt=\"\" width=\"300\" height=\"42\" srcset=\"https:\/\/wandelsterne.at\/wp-content\/uploads\/2017\/04\/2017-04-14-WANDELSTERNE-LOGO-TEXT-CROP-0001-300x42.png 300w, https:\/\/wandelsterne.at\/wp-content\/uploads\/2017\/04\/2017-04-14-WANDELSTERNE-LOGO-TEXT-CROP-0001-768x108.png 768w, https:\/\/wandelsterne.at\/wp-content\/uploads\/2017\/04\/2017-04-14-WANDELSTERNE-LOGO-TEXT-CROP-0001-1024x144.png 1024w, https:\/\/wandelsterne.at\/wp-content\/uploads\/2017\/04\/2017-04-14-WANDELSTERNE-LOGO-TEXT-CROP-0001-640x90.png 640w, https:\/\/wandelsterne.at\/wp-content\/uploads\/2017\/04\/2017-04-14-WANDELSTERNE-LOGO-TEXT-CROP-0001-1010x142.png 1010w\" sizes=\"(max-width: 300px) 100vw, 300px\" \/><\/p>\n","protected":false},"excerpt":{"rendered":"<p>Rufen Sie mich an oder schreiben Sie mir ein Email. Wir k\u00f6nnen dann einen Termin f\u00fcr ein Vorgespr\u00e4ch vereinbaren, in dem wir kl\u00e4ren, welche Erwartungen Sie haben und ob ich sie erf\u00fcllen kann. Falls Sie sich f\u00fcr eine schriftliche Horoskopdeutung entscheiden, kann das Vorgespr\u00e4ch auf Ihren Wunsch hin auch entfallen. Allerdings ben\u00f6tige ich dann noch [&hellip;]<\/p>\n","protected":false},"author":1,"featured_media":0,"parent":0,"menu_order":0,"comment_status":"closed","ping_status":"closed","template":"","meta":[],"_links":{"self":[{"href":"https:\/\/wandelsterne.at\/index.php?rest_route=\/wp\/v2\/pages\/97"}],"collection":[{"href":"https:\/\/wandelsterne.at\/index.php?rest_route=\/wp\/v2\/pages"}],"about":[{"href":"https:\/\/wandelsterne.at\/index.php?rest_route=\/wp\/v2\/types\/page"}],"author":[{"embeddable":true,"href":"https:\/\/wandelsterne.at\/index.php?rest_route=\/wp\/v2\/users\/1"}],"replies":[{"embeddable":true,"href":"https:\/\/wandelsterne.at\/index.php?rest_route=%2Fwp%2Fv2%2Fcomments&post=97"}],"version-history":[{"count":8,"href":"https:\/\/wandelsterne.at\/index.php?rest_route=\/wp\/v2\/pages\/97\/revisions"}],"predecessor-version":[{"id":306,"href":"https:\/\/wandelsterne.at\/index.php?rest_route=\/wp\/v2\/pages\/97\/revisions\/306"}],"wp:attachment":[{"href":"https:\/\/wandelsterne.at\/index.php?rest_route=%2Fwp%2Fv2%2Fmedia&parent=97"}],"curies":[{"name":"wp","href":"https:\/\/api.w.org\/{rel}","templated":true}]}}